{"id":21,"date":"2025-11-22T15:32:46","date_gmt":"2025-11-22T15:32:46","guid":{"rendered":"https:\/\/www.strategene.fr\/?page_id=21"},"modified":"2025-11-22T16:17:38","modified_gmt":"2025-11-22T16:17:38","slug":"strategie-site-en-construction","status":"publish","type":"page","link":"https:\/\/www.strategene.fr\/","title":{"rendered":"STRAT\u00c9G\u00c8NE &#8211; SITE EN CONSTRUCTION"},"content":{"rendered":"<p><img fetchpriority=\"high\" decoding=\"async\" class=\"size-medium wp-image-22 aligncenter\" src=\"http:\/\/www.strategene.fr\/wp-content\/uploads\/2025\/11\/IMG_0140-200x300.png\" alt=\"\" width=\"200\" height=\"300\" srcset=\"https:\/\/www.strategene.fr\/wp-content\/uploads\/2025\/11\/IMG_0140-200x300.png 200w, https:\/\/www.strategene.fr\/wp-content\/uploads\/2025\/11\/IMG_0140.png 1024w\" sizes=\"(max-width: 200px) 100vw, 200px\" \/><\/p>\n<p>&nbsp;<\/p>\n<p><i>SITE EN CONSTRUCTION\u00a0<\/i><\/p>\n<p><i><br \/>\nSTRATEGENE pr\u00e9pare actuellement la mise en ligne de son site officiel.<\/i><\/p>\n<p><i>le m\u00e9dia StratWatch et les offres ACP arrivent tr\u00e8s bient\u00f4t.<\/i><\/p>\n<p>&nbsp;<\/p>\n<p><i>Whatsapp business: +596696 689841<\/i><\/p>\n<p>&nbsp;<\/p>\n<p><i>contact@strategene.fr<\/i><\/p>\n","protected":false},"excerpt":{"rendered":"<p>&nbsp; SITE EN CONSTRUCTION\u00a0 STRATEGENE pr\u00e9pare actuellement la mise en ligne de son site officiel. le m\u00e9dia StratWatch et les offres ACP arrivent tr\u00e8s bient\u00f4t. &nbsp; Whatsapp business: +596696 689841 &nbsp; contact@strategene.fr<\/p>\n","protected":false},"author":1,"featured_media":0,"parent":0,"menu_order":0,"comment_status":"closed","ping_status":"closed","template":"","meta":{"footnotes":""},"class_list":["post-21","page","type-page","status-publish","hentry"],"_links":{"self":[{"href":"https:\/\/www.strategene.fr\/index.php\/wp-json\/wp\/v2\/pages\/21","targetHints":{"allow":["GET"]}}],"collection":[{"href":"https:\/\/www.strategene.fr\/index.php\/wp-json\/wp\/v2\/pages"}],"about":[{"href":"https:\/\/www.strategene.fr\/index.php\/wp-json\/wp\/v2\/types\/page"}],"author":[{"embeddable":true,"href":"https:\/\/www.strategene.fr\/index.php\/wp-json\/wp\/v2\/users\/1"}],"replies":[{"embeddable":true,"href":"https:\/\/www.strategene.fr\/index.php\/wp-json\/wp\/v2\/comments?post=21"}],"version-history":[{"count":5,"href":"https:\/\/www.strategene.fr\/index.php\/wp-json\/wp\/v2\/pages\/21\/revisions"}],"predecessor-version":[{"id":30,"href":"https:\/\/www.strategene.fr\/index.php\/wp-json\/wp\/v2\/pages\/21\/revisions\/30"}],"wp:attachment":[{"href":"https:\/\/www.strategene.fr\/index.php\/wp-json\/wp\/v2\/media?parent=21"}],"curies":[{"name":"wp","href":"https:\/\/api.w.org\/{rel}","templated":true}]}}